{"id":6,"date":"2026-03-13T19:24:54","date_gmt":"2026-03-13T19:24:54","guid":{"rendered":"https:\/\/aperosciences.com\/?page_id=6"},"modified":"2026-04-22T15:23:25","modified_gmt":"2026-04-22T15:23:25","slug":"bienvenue-sur-le-site-des-aperos-sciences","status":"publish","type":"page","link":"https:\/\/aperosciences.com\/","title":{"rendered":"Bienvenue sur le site des Ap\u00e9ros Sciences !"},"content":{"rendered":"\n<p>L&rsquo;id\u00e9e est toute simple : autour d&rsquo;un verre, faire se rencontrer des personnes qui ont toutes un lien avec la science, dans des univers diff\u00e9rents.<\/p>\n\n\n\n<p>Vous \u00eates chercheuse ou chercheur, communicante ou communicant, m\u00e9diatrice et m\u00e9diateur scientifiques, journalistes, etc&#8230; Vous \u00eates toutes et tous les bienvenus !<\/p>\n\n\n\n<p><\/p>\n","protected":false},"excerpt":{"rendered":"<p>L&rsquo;id\u00e9e est toute simple : autour d&rsquo;un verre, faire se rencontrer des personnes qui ont toutes un lien avec la science, dans des univers diff\u00e9rents. Vous \u00eates chercheuse ou chercheur, communicante ou communicant, m\u00e9diatrice et m\u00e9diateur scientifiques, journalistes, etc&#8230; Vous \u00eates toutes et tous les bienvenus !<\/p>\n","protected":false},"author":1,"featured_media":0,"parent":0,"menu_order":0,"comment_status":"closed","ping_status":"closed","template":"","meta":{"footnotes":""},"class_list":["post-6","page","type-page","status-publish","hentry"],"_links":{"self":[{"href":"https:\/\/aperosciences.com\/index.php\/wp-json\/wp\/v2\/pages\/6","targetHints":{"allow":["GET"]}}],"collection":[{"href":"https:\/\/aperosciences.com\/index.php\/wp-json\/wp\/v2\/pages"}],"about":[{"href":"https:\/\/aperosciences.com\/index.php\/wp-json\/wp\/v2\/types\/page"}],"author":[{"embeddable":true,"href":"https:\/\/aperosciences.com\/index.php\/wp-json\/wp\/v2\/users\/1"}],"replies":[{"embeddable":true,"href":"https:\/\/aperosciences.com\/index.php\/wp-json\/wp\/v2\/comments?post=6"}],"version-history":[{"count":1,"href":"https:\/\/aperosciences.com\/index.php\/wp-json\/wp\/v2\/pages\/6\/revisions"}],"predecessor-version":[{"id":8,"href":"https:\/\/aperosciences.com\/index.php\/wp-json\/wp\/v2\/pages\/6\/revisions\/8"}],"wp:attachment":[{"href":"https:\/\/aperosciences.com\/index.php\/wp-json\/wp\/v2\/media?parent=6"}],"curies":[{"name":"wp","href":"https:\/\/api.w.org\/{rel}","templated":true}]}}